{"id":124,"date":"2017-10-11T01:34:57","date_gmt":"2017-10-10T23:34:57","guid":{"rendered":"http:\/\/www.fremap.com\/?page_id=124"},"modified":"2017-10-25T20:59:57","modified_gmt":"2017-10-25T18:59:57","slug":"semi-conducteur-electronique","status":"publish","type":"page","link":"http:\/\/www.fremap.com\/?page_id=124","title":{"rendered":"S\u00e9mi-conducteur &#038; Electronique"},"content":{"rendered":"<p><img decoding=\"async\" loading=\"lazy\" src=\"http:\/\/www.fremap.com\/wp-content\/uploads\/2017\/10\/semiconductor.gif\" alt=\"\" width=\"194\" height=\"216\" class=\"alignnone size-full wp-image-278\" \/><\/p>\n<ul>\n<li>\u201cLame d\u2019air\u201d pour les machines \u00e0 braser par vague<\/li>\n<li>Brasage et d\u00e9brasage des cartes m\u00e8res d\u2019ordinateur, lead frame et condensateur<\/li>\n<li>S\u00e9chage des cartes m\u00e8res des PC<\/li>\n<li>R\u00e9traction de gaines pour c\u00e2bles<\/li>\n<li>Pr\u00e9chauffage de gaz pour process<\/li>\n<\/ul>\n","protected":false},"excerpt":{"rendered":"<p>\u201cLame d\u2019air\u201d pour les machines \u00e0 braser par vague Brasage et d\u00e9brasage des cartes m\u00e8res d\u2019ordinateur, lead frame et condensateur S\u00e9chage des cartes m\u00e8res des PC R\u00e9traction de gaines pour c\u00e2bles Pr\u00e9chauffage de gaz pour process<\/p>\n","protected":false},"author":1,"featured_media":0,"parent":106,"menu_order":0,"comment_status":"closed","ping_status":"closed","template":"","meta":[],"_links":{"self":[{"href":"http:\/\/www.fremap.com\/index.php?rest_route=\/wp\/v2\/pages\/124"}],"collection":[{"href":"http:\/\/www.fremap.com\/index.php?rest_route=\/wp\/v2\/pages"}],"about":[{"href":"http:\/\/www.fremap.com\/index.php?rest_route=\/wp\/v2\/types\/page"}],"author":[{"embeddable":true,"href":"http:\/\/www.fremap.com\/index.php?rest_route=\/wp\/v2\/users\/1"}],"replies":[{"embeddable":true,"href":"http:\/\/www.fremap.com\/index.php?rest_route=%2Fwp%2Fv2%2Fcomments&post=124"}],"version-history":[{"count":2,"href":"http:\/\/www.fremap.com\/index.php?rest_route=\/wp\/v2\/pages\/124\/revisions"}],"predecessor-version":[{"id":279,"href":"http:\/\/www.fremap.com\/index.php?rest_route=\/wp\/v2\/pages\/124\/revisions\/279"}],"up":[{"embeddable":true,"href":"http:\/\/www.fremap.com\/index.php?rest_route=\/wp\/v2\/pages\/106"}],"wp:attachment":[{"href":"http:\/\/www.fremap.com\/index.php?rest_route=%2Fwp%2Fv2%2Fmedia&parent=124"}],"curies":[{"name":"wp","href":"https:\/\/api.w.org\/{rel}","templated":true}]}}