{"id":133,"date":"2017-10-11T01:45:28","date_gmt":"2017-10-10T23:45:28","guid":{"rendered":"http:\/\/www.fremap.com\/?page_id=133"},"modified":"2017-10-25T23:09:14","modified_gmt":"2017-10-25T21:09:14","slug":"elth-luxembourg","status":"publish","type":"page","link":"http:\/\/www.fremap.com\/?page_id=133","title":{"rendered":"ELTH Luxembourg"},"content":{"rendered":"<h1>&#8211;\u00a0Sonde de mesure de temp\u00e9rature\u00a0&#8211;<\/h1>\n<p>Banc d&rsquo;essai pour sonde de pot d&rsquo;\u00e9chappement chez\u00a0ELTH Luxembourg<\/p>\n<table style=\"height: 252px;\" border=\"0\" summary=\"\" width=\"780\" cellspacing=\"5\" cellpadding=\"5\">\n<tbody>\n<tr>\n<td><img decoding=\"async\" loading=\"lazy\" class=\"alignnone  wp-image-399\" src=\"http:\/\/www.fremap.com\/wp-content\/uploads\/2017\/10\/elth-2.gif\" alt=\"\" width=\"326\" height=\"259\" \/><\/td>\n<td><img decoding=\"async\" loading=\"lazy\" class=\"alignnone  wp-image-400\" src=\"http:\/\/www.fremap.com\/wp-content\/uploads\/2017\/10\/elth1-1.gif\" alt=\"\" width=\"397\" height=\"261\" \/><\/td>\n<\/tr>\n<tr>\n<td valign=\"top\"><\/td>\n<td><\/td>\n<\/tr>\n<\/tbody>\n<\/table>\n<p>2\u00a0jeux de 2 InLine heaters install\u00e9s en s\u00e9rie de mani\u00e8re \u00e0 produire\u00a0 400l litre d&rsquo;air par minute\u00a0\u00e0 900\u00b0C maximum dans la chambre de test.<\/p>\n","protected":false},"excerpt":{"rendered":"<p>&#8211;\u00a0Sonde de mesure de temp\u00e9rature\u00a0&#8211; Banc d&rsquo;essai pour sonde de pot d&rsquo;\u00e9chappement chez\u00a0ELTH Luxembourg 2\u00a0jeux de 2 InLine heaters install\u00e9s en s\u00e9rie de mani\u00e8re \u00e0 produire\u00a0 400l litre d&rsquo;air par minute\u00a0\u00e0 900\u00b0C maximum dans la chambre de test.<\/p>\n","protected":false},"author":1,"featured_media":0,"parent":129,"menu_order":0,"comment_status":"closed","ping_status":"closed","template":"","meta":[],"_links":{"self":[{"href":"http:\/\/www.fremap.com\/index.php?rest_route=\/wp\/v2\/pages\/133"}],"collection":[{"href":"http:\/\/www.fremap.com\/index.php?rest_route=\/wp\/v2\/pages"}],"about":[{"href":"http:\/\/www.fremap.com\/index.php?rest_route=\/wp\/v2\/types\/page"}],"author":[{"embeddable":true,"href":"http:\/\/www.fremap.com\/index.php?rest_route=\/wp\/v2\/users\/1"}],"replies":[{"embeddable":true,"href":"http:\/\/www.fremap.com\/index.php?rest_route=%2Fwp%2Fv2%2Fcomments&post=133"}],"version-history":[{"count":4,"href":"http:\/\/www.fremap.com\/index.php?rest_route=\/wp\/v2\/pages\/133\/revisions"}],"predecessor-version":[{"id":401,"href":"http:\/\/www.fremap.com\/index.php?rest_route=\/wp\/v2\/pages\/133\/revisions\/401"}],"up":[{"embeddable":true,"href":"http:\/\/www.fremap.com\/index.php?rest_route=\/wp\/v2\/pages\/129"}],"wp:attachment":[{"href":"http:\/\/www.fremap.com\/index.php?rest_route=%2Fwp%2Fv2%2Fmedia&parent=133"}],"curies":[{"name":"wp","href":"https:\/\/api.w.org\/{rel}","templated":true}]}}