{"id":141,"date":"2017-10-11T01:51:55","date_gmt":"2017-10-10T23:51:55","guid":{"rendered":"http:\/\/www.fremap.com\/?page_id=141"},"modified":"2017-10-25T23:12:37","modified_gmt":"2017-10-25T21:12:37","slug":"industrie-aeronautique-et-automobile","status":"publish","type":"page","link":"http:\/\/www.fremap.com\/?page_id=141","title":{"rendered":"Industrie a\u00e9ronautique et automobile"},"content":{"rendered":"<h5>Banc d&rsquo;essai pour l&rsquo;industrie a\u00e9ronautique<\/h5>\n<p><img decoding=\"async\" loading=\"lazy\" class=\"alignnone size-full wp-image-296\" src=\"http:\/\/www.fremap.com\/wp-content\/uploads\/2017\/10\/aeronautic.jpg\" alt=\"\" width=\"300\" height=\"225\" \/><\/p>\n<h5>Banc d&rsquo;essai pour l&rsquo;industrie automobile<\/h5>\n<p>Veuillez-nous contacter pour les r\u00e9f\u00e9rences<\/p>\n","protected":false},"excerpt":{"rendered":"<p>Banc d&rsquo;essai pour l&rsquo;industrie a\u00e9ronautique Banc d&rsquo;essai pour l&rsquo;industrie automobile Veuillez-nous contacter pour les r\u00e9f\u00e9rences<\/p>\n","protected":false},"author":1,"featured_media":0,"parent":129,"menu_order":0,"comment_status":"closed","ping_status":"closed","template":"","meta":[],"_links":{"self":[{"href":"http:\/\/www.fremap.com\/index.php?rest_route=\/wp\/v2\/pages\/141"}],"collection":[{"href":"http:\/\/www.fremap.com\/index.php?rest_route=\/wp\/v2\/pages"}],"about":[{"href":"http:\/\/www.fremap.com\/index.php?rest_route=\/wp\/v2\/types\/page"}],"author":[{"embeddable":true,"href":"http:\/\/www.fremap.com\/index.php?rest_route=\/wp\/v2\/users\/1"}],"replies":[{"embeddable":true,"href":"http:\/\/www.fremap.com\/index.php?rest_route=%2Fwp%2Fv2%2Fcomments&post=141"}],"version-history":[{"count":2,"href":"http:\/\/www.fremap.com\/index.php?rest_route=\/wp\/v2\/pages\/141\/revisions"}],"predecessor-version":[{"id":305,"href":"http:\/\/www.fremap.com\/index.php?rest_route=\/wp\/v2\/pages\/141\/revisions\/305"}],"up":[{"embeddable":true,"href":"http:\/\/www.fremap.com\/index.php?rest_route=\/wp\/v2\/pages\/129"}],"wp:attachment":[{"href":"http:\/\/www.fremap.com\/index.php?rest_route=%2Fwp%2Fv2%2Fmedia&parent=141"}],"curies":[{"name":"wp","href":"https:\/\/api.w.org\/{rel}","templated":true}]}}