{"id":143,"date":"2017-10-11T01:55:13","date_gmt":"2017-10-10T23:55:13","guid":{"rendered":"http:\/\/www.fremap.com\/?page_id=143"},"modified":"2019-09-08T22:24:52","modified_gmt":"2019-09-08T20:24:52","slug":"sidel-france","status":"publish","type":"page","link":"http:\/\/www.fremap.com\/?page_id=143","title":{"rendered":"Sidel France"},"content":{"rendered":"<h1>Bouteilles en PET<\/h1>\n<h3>Air chaud pour l\u2019aseptisation pour les pr\u00e9formes de bouteilles en PET<\/h3>\n<p>Nouvelle utilisation des canons \u00e0 air chaud <span style=\"display: inline !important; float: none; background-color: #ffffff; color: #333333; cursor: text; font-family: Georgia,'Times New Roman','Bitstream Charter',Times,serif; font-size: 16px; font-style: normal; font-variant: normal; font-weight: 400; letter-spacing: normal; orphans: 2; text-align: left; text-decoration: none; text-indent: 0px; text-transform: none; -webkit-text-stroke-width: 0px; white-space: normal; word-spacing: 0px;\">Tutco SureHeat<\/span> pour le r\u00e9chauffage d\u2019air d\u2019aseptisation dans la fabrication de souffleuse pour bouteilles propres en PET nouvelle g\u00e9n\u00e9ration chez Sidel Le Havre.<br \/>\nNous avons livr\u00e9 un ensemble de deux r\u00e9chauffeurs de deux fois 18 kW de dia. 2 1\/2&Prime; pr\u00e9vu avec une entr\u00e9e pour l\u2019alimentation en air froid et une sortie d\u2019air chaud \u00e9quip\u00e9es de raccord clamps dia. 51mm avec f\u00e9rules, collier et joint.<\/p>\n<table style=\"height: 283px;\" border=\"0\" summary=\"\" width=\"820\" cellspacing=\"5\" cellpadding=\"5\">\n<tbody>\n<tr>\n<td valign=\"top\"><img decoding=\"async\" loading=\"lazy\" class=\"alignnone size-full wp-image-310\" src=\"http:\/\/www.fremap.com\/wp-content\/uploads\/2017\/10\/sidel1.jpg\" alt=\"\" width=\"645\" height=\"482\" srcset=\"http:\/\/www.fremap.com\/wp-content\/uploads\/2017\/10\/sidel1.jpg 645w, http:\/\/www.fremap.com\/wp-content\/uploads\/2017\/10\/sidel1-300x224.jpg 300w\" sizes=\"(max-width: 645px) 100vw, 645px\" \/><\/td>\n<td>\u00a0<img decoding=\"async\" loading=\"lazy\" class=\"alignnone size-full wp-image-311\" src=\"http:\/\/www.fremap.com\/wp-content\/uploads\/2017\/10\/sidel2.jpg\" alt=\"\" width=\"479\" height=\"640\" srcset=\"http:\/\/www.fremap.com\/wp-content\/uploads\/2017\/10\/sidel2.jpg 479w, http:\/\/www.fremap.com\/wp-content\/uploads\/2017\/10\/sidel2-225x300.jpg 225w\" sizes=\"(max-width: 479px) 100vw, 479px\" \/><\/td>\n<\/tr>\n<tr>\n<td><img decoding=\"async\" loading=\"lazy\" class=\"alignnone size-full wp-image-312\" src=\"http:\/\/www.fremap.com\/wp-content\/uploads\/2017\/10\/sidel3.jpg\" alt=\"\" width=\"645\" height=\"482\" srcset=\"http:\/\/www.fremap.com\/wp-content\/uploads\/2017\/10\/sidel3.jpg 645w, http:\/\/www.fremap.com\/wp-content\/uploads\/2017\/10\/sidel3-300x224.jpg 300w\" sizes=\"(max-width: 645px) 100vw, 645px\" \/><\/td>\n<td><img decoding=\"async\" loading=\"lazy\" class=\"alignnone size-full wp-image-313\" src=\"http:\/\/www.fremap.com\/wp-content\/uploads\/2017\/10\/didel4.jpg\" alt=\"\" width=\"645\" height=\"482\" srcset=\"http:\/\/www.fremap.com\/wp-content\/uploads\/2017\/10\/didel4.jpg 645w, http:\/\/www.fremap.com\/wp-content\/uploads\/2017\/10\/didel4-300x224.jpg 300w\" sizes=\"(max-width: 645px) 100vw, 645px\" \/><\/td>\n<\/tr>\n<\/tbody>\n<\/table>\n<p>&nbsp;<\/p>\n<h6>Le but recherch\u00e9<\/h6>\n<p>Le faible encombrement, l\u2019inertie thermique la plus r\u00e9duite possible pour le d\u00e9marrage et la maintenance en cas d\u2019arr\u00eat de production ou de changements de produits.<br \/>\nTemp\u00e9rature de 140\u00b0C +\/- 2\u00b0C, grand d\u00e9bit d\u2019air 2 x 600 m\u00a0<sup>3<\/sup>\u00a0sous 3 bars et bien entendu un rendement optimum de l\u2019\u00e9nergie \u00e9lectrique.<\/p>\n","protected":false},"excerpt":{"rendered":"<p>Bouteilles en PET Air chaud pour l\u2019aseptisation pour les pr\u00e9formes de bouteilles en PET Nouvelle utilisation des canons \u00e0 air chaud Tutco SureHeat pour le r\u00e9chauffage d\u2019air d\u2019aseptisation dans la fabrication de souffleuse pour bouteilles propres en PET nouvelle g\u00e9n\u00e9ration chez Sidel Le Havre. Nous avons livr\u00e9 un ensemble de deux r\u00e9chauffeurs de deux fois [&hellip;]<\/p>\n","protected":false},"author":1,"featured_media":0,"parent":129,"menu_order":0,"comment_status":"closed","ping_status":"closed","template":"","meta":[],"_links":{"self":[{"href":"http:\/\/www.fremap.com\/index.php?rest_route=\/wp\/v2\/pages\/143"}],"collection":[{"href":"http:\/\/www.fremap.com\/index.php?rest_route=\/wp\/v2\/pages"}],"about":[{"href":"http:\/\/www.fremap.com\/index.php?rest_route=\/wp\/v2\/types\/page"}],"author":[{"embeddable":true,"href":"http:\/\/www.fremap.com\/index.php?rest_route=\/wp\/v2\/users\/1"}],"replies":[{"embeddable":true,"href":"http:\/\/www.fremap.com\/index.php?rest_route=%2Fwp%2Fv2%2Fcomments&post=143"}],"version-history":[{"count":6,"href":"http:\/\/www.fremap.com\/index.php?rest_route=\/wp\/v2\/pages\/143\/revisions"}],"predecessor-version":[{"id":776,"href":"http:\/\/www.fremap.com\/index.php?rest_route=\/wp\/v2\/pages\/143\/revisions\/776"}],"up":[{"embeddable":true,"href":"http:\/\/www.fremap.com\/index.php?rest_route=\/wp\/v2\/pages\/129"}],"wp:attachment":[{"href":"http:\/\/www.fremap.com\/index.php?rest_route=%2Fwp%2Fv2%2Fmedia&parent=143"}],"curies":[{"name":"wp","href":"https:\/\/api.w.org\/{rel}","templated":true}]}}