{"id":17,"date":"2017-10-10T23:50:45","date_gmt":"2017-10-10T21:50:45","guid":{"rendered":"http:\/\/www.fremap.com\/?page_id=17"},"modified":"2019-09-08T22:21:56","modified_gmt":"2019-09-08T20:21:56","slug":"hot-air-tools","status":"publish","type":"page","link":"http:\/\/www.fremap.com\/?page_id=17","title":{"rendered":"Hot Air Tools"},"content":{"rendered":"<h3>Description<\/h3>\n<p>Le r\u00e9chauffeur d&rsquo;air \u00ab\u00a0Hot Air Tools\u00a0\u00bb est dot\u00e9 d&rsquo;un\u00a0thermocouple K\u00a0incorpor\u00e9 ainsi que de l&rsquo;\u00e9l\u00e9ment porc-\u00e9pic de <span style=\"display: inline !important; float: none; background-color: #ffffff; color: #333333; cursor: text; font-family: Georgia,'Times New Roman','Bitstream Charter',Times,serif; font-size: 16px; font-style: normal; font-variant: normal; font-weight: 400; letter-spacing: normal; orphans: 2; text-align: left; text-decoration: none; text-indent: 0px; text-transform: none; -webkit-text-stroke-width: 0px; white-space: normal; word-spacing: 0px;\">Tutco SureHeat<\/span> permettant d&rsquo;obtenir un r\u00e9chauffage d&rsquo;air\u00a0rapide et contr\u00f4l\u00e9 \u00e0 +\/- 1\u00b0C.<br \/>\nIl peut atteindre sa temp\u00e9rature maximale en\u00a06 secondes. Le tube ext\u00e9rieur en\u00a0acier inoxydable 304\u00a0prot\u00e8ge l&rsquo;\u00e9l\u00e9ment, et permet son int\u00e9gration dans un syst\u00e8me complet en offrant une mesure de temp\u00e9rature\u00a0fiable.<\/p>\n<p><img decoding=\"async\" loading=\"lazy\" class=\"alignnone size-full wp-image-20\" src=\"http:\/\/www.fremap.com\/wp-content\/uploads\/2017\/10\/Hot_Air_Tool.jpg\" alt=\"\" width=\"250\" height=\"188\" \/><\/p>\n<p>L&rsquo;extr\u00e9mit\u00e9 fendue du tube permet la fixation de raccords, de buses\u00a0ou de tuy\u00e8res. Ce r\u00e9chauffeur permet d&rsquo;effectuer des travaux de pr\u00e9cision comme l\u2019\u00e9bavurage \u00e0 air chaud\u00a0d&rsquo;\u00e9l\u00e9ments plastiques, du brasage\/d\u00e9brasage de composants \u00e9lectroniques et est facilement int\u00e9grable dans un robot vu\u00a0sa compacit\u00e9, son fable poids et son asservissement ais\u00e9.<\/p>\n<p><img decoding=\"async\" loading=\"lazy\" class=\"alignnone size-full wp-image-21\" src=\"http:\/\/www.fremap.com\/wp-content\/uploads\/2017\/10\/Buses_HAT.jpg\" alt=\"\" width=\"640\" height=\"480\" srcset=\"http:\/\/www.fremap.com\/wp-content\/uploads\/2017\/10\/Buses_HAT.jpg 640w, http:\/\/www.fremap.com\/wp-content\/uploads\/2017\/10\/Buses_HAT-300x225.jpg 300w\" sizes=\"(max-width: 640px) 100vw, 640px\" \/><\/p>\n<p>Vous pouvez commander ce r\u00e9chauffeur par une armoire de r\u00e9gulation ou par commande manuelle par potentiom\u00e8tre agissant sur un thyristor.<\/p>\n<h4>Caract\u00e9ristiques:<\/h4>\n<ul>\n<li>controle\u00a0de la\u00a0 temp\u00e9rature \u00e0 \u00b1 1\u00b0C<\/li>\n<li>Thermocouple type \u00ab\u00a0K\u00a0\u00bb incorpor\u00e9 dans l&rsquo;\u00e9l\u00e9ment<\/li>\n<li>Connexion d&rsquo;entr\u00e9e d&rsquo;air 6,3 mm\u00a0id\u00e9ale pour l&rsquo;air comprim\u00e9, r\u00e9siste jusqu&rsquo;\u00e0 4 bar.<\/li>\n<li>Corps du tube en inox 304<\/li>\n<li>C\u00e2bles de puissance et sorties thermocouple de 900 mm de long<\/li>\n<li>Tube de quartz int\u00e9rieur assurant l&rsquo;isolation<\/li>\n<\/ul>\n<p>Si l&rsquo;on reste dans les limites d&rsquo;utilisation reprise ci-dessu, on peut compter sur une dur\u00e9e de vie des r\u00e9chauffeurs de l&rsquo;ordre de\u00a05000 heures.<\/p>\n<p>&nbsp;<\/p>\n<table border=\"1\" cellspacing=\"0\" cellpadding=\"0\">\n<tbody>\n<tr>\n<td valign=\"top\" width=\"192\">\n<div align=\"center\"><strong>Part Number<\/strong><\/div>\n<\/td>\n<td valign=\"top\" width=\"192\">\n<div align=\"center\"><strong>Max. Watts<\/strong><\/div>\n<\/td>\n<td valign=\"top\" width=\"192\">\n<div align=\"center\"><strong>Max.\u00a0<\/strong><strong>Volts<\/strong><\/div>\n<\/td>\n<td valign=\"top\" width=\"192\">\n<div align=\"center\"><strong>Max. Amps<\/strong><\/div>\n<\/td>\n<\/tr>\n<tr>\n<td valign=\"top\" width=\"192\">\n<div align=\"center\">068462<\/div>\n<\/td>\n<td valign=\"top\" width=\"192\">\n<div align=\"center\">1500<\/div>\n<\/td>\n<td valign=\"top\" width=\"192\">\n<div align=\"center\">120<\/div>\n<\/td>\n<td valign=\"top\" width=\"192\">\n<div align=\"center\">13<\/div>\n<\/td>\n<\/tr>\n<tr>\n<td valign=\"top\" width=\"192\">\n<div align=\"center\">068463<\/div>\n<\/td>\n<td valign=\"top\" width=\"192\">\n<div align=\"center\">2000<\/div>\n<\/td>\n<td valign=\"top\" width=\"192\">\n<div align=\"center\">240<\/div>\n<\/td>\n<td valign=\"top\" width=\"192\">\n<div align=\"center\">9<\/div>\n<\/td>\n<\/tr>\n<tr>\n<td valign=\"top\" width=\"192\">\n<div align=\"center\">068464<\/div>\n<\/td>\n<td valign=\"top\" width=\"192\">\n<div align=\"center\">3500<\/div>\n<\/td>\n<td valign=\"top\" width=\"192\">\n<div align=\"center\">240<\/div>\n<\/td>\n<td valign=\"top\" width=\"192\">\n<div align=\"center\">15<\/div>\n<\/td>\n<\/tr>\n<\/tbody>\n<\/table>\n<p>&nbsp;<\/p>\n","protected":false},"excerpt":{"rendered":"<p>Description Le r\u00e9chauffeur d&rsquo;air \u00ab\u00a0Hot Air Tools\u00a0\u00bb est dot\u00e9 d&rsquo;un\u00a0thermocouple K\u00a0incorpor\u00e9 ainsi que de l&rsquo;\u00e9l\u00e9ment porc-\u00e9pic de Tutco SureHeat permettant d&rsquo;obtenir un r\u00e9chauffage d&rsquo;air\u00a0rapide et contr\u00f4l\u00e9 \u00e0 +\/- 1\u00b0C. Il peut atteindre sa temp\u00e9rature maximale en\u00a06 secondes. Le tube ext\u00e9rieur en\u00a0acier inoxydable 304\u00a0prot\u00e8ge l&rsquo;\u00e9l\u00e9ment, et permet son int\u00e9gration dans un syst\u00e8me complet en offrant une [&hellip;]<\/p>\n","protected":false},"author":1,"featured_media":0,"parent":9,"menu_order":0,"comment_status":"closed","ping_status":"closed","template":"","meta":[],"_links":{"self":[{"href":"http:\/\/www.fremap.com\/index.php?rest_route=\/wp\/v2\/pages\/17"}],"collection":[{"href":"http:\/\/www.fremap.com\/index.php?rest_route=\/wp\/v2\/pages"}],"about":[{"href":"http:\/\/www.fremap.com\/index.php?rest_route=\/wp\/v2\/types\/page"}],"author":[{"embeddable":true,"href":"http:\/\/www.fremap.com\/index.php?rest_route=\/wp\/v2\/users\/1"}],"replies":[{"embeddable":true,"href":"http:\/\/www.fremap.com\/index.php?rest_route=%2Fwp%2Fv2%2Fcomments&post=17"}],"version-history":[{"count":4,"href":"http:\/\/www.fremap.com\/index.php?rest_route=\/wp\/v2\/pages\/17\/revisions"}],"predecessor-version":[{"id":772,"href":"http:\/\/www.fremap.com\/index.php?rest_route=\/wp\/v2\/pages\/17\/revisions\/772"}],"up":[{"embeddable":true,"href":"http:\/\/www.fremap.com\/index.php?rest_route=\/wp\/v2\/pages\/9"}],"wp:attachment":[{"href":"http:\/\/www.fremap.com\/index.php?rest_route=%2Fwp%2Fv2%2Fmedia&parent=17"}],"curies":[{"name":"wp","href":"https:\/\/api.w.org\/{rel}","templated":true}]}}