{"id":28,"date":"2017-10-10T23:56:54","date_gmt":"2017-10-10T21:56:54","guid":{"rendered":"http:\/\/www.fremap.com\/?page_id=28"},"modified":"2019-09-08T22:23:15","modified_gmt":"2019-09-08T20:23:15","slug":"rechauffeur-serpentine-ii-vi","status":"publish","type":"page","link":"http:\/\/www.fremap.com\/?page_id=28","title":{"rendered":"R\u00e9chauffeur Serpentine II, VI"},"content":{"rendered":"<h3>Description<\/h3>\n<p>R\u00e9gulation, r\u00e9ponse rapide, haute temp\u00e9rature, r\u00e9chauffeur\u00a0d&rsquo;air avec la souplesse de l&rsquo;\u00e9l\u00e9ment porc-\u00e9pic, prix comp\u00e9titif.<\/p>\n<p><img decoding=\"async\" loading=\"lazy\" class=\"alignnone size-full wp-image-31\" src=\"http:\/\/www.fremap.com\/wp-content\/uploads\/2017\/10\/Serpentine_II_VI.jpg\" alt=\"\" width=\"250\" height=\"188\" \/><\/p>\n<h4>Caracteristiques<\/h4>\n<p>D\u00e9velopp\u00e9 avec l&rsquo;id\u00e9e de satisfaire les fabricants de machines (O.E.M), le r\u00e9chauffeur \u00ab\u00a0Serpentine Hot Air Tool\u00a0\u00bb \u00a0offre une souplesse et une efficacit\u00e9 in\u00e9gal\u00e9es.<\/p>\n<p>La\u00a0conception unique (sp\u00e9cifique) du corps \u00e0 triple \u00e9change thermique utilise l&rsquo;air froid entrant pour refroidir l&rsquo;ext\u00e9rieur du corps avant de le diriger dans l&rsquo;\u00e9l\u00e9ment de chauffage serpentine.<\/p>\n<p>Les pertes thermiques\u00a0 par rayonnement sont \u00e9limin\u00e9es et\u00a0le design de l&rsquo;installation ainsi que la s\u00e9curit\u00e9 en fonctionnement sont simplifi\u00e9s. L&rsquo;\u00e9l\u00e9ment de chauffage de rechange serpentine permet un changement rapide ce qui r\u00e9duit les arr\u00eats de production.<\/p>\n<p>Il n&rsquo;y a pas lieu de remplacer l&rsquo;ensemble du r\u00e9chauffeur, ce qui r\u00e9duit les\u00a0co\u00fbts et permet de travailler dans des installations en continu.<\/p>\n<p>Les \u00e9l\u00e9ments \u00ab\u00a0serpentine\u00a0\u00bb d\u00e9velopp\u00e9s et brevet\u00e9s par <span style=\"display: inline !important; float: none; background-color: #ffffff; color: #333333; cursor: text; font-family: Georgia,'Times New Roman','Bitstream Charter',Times,serif; font-size: 16px; font-style: normal; font-variant: normal; font-weight: 400; letter-spacing: normal; orphans: 2; text-align: left; text-decoration: none; text-indent: 0px; text-transform: none; -webkit-text-stroke-width: 0px; white-space: normal; word-spacing: 0px;\">Tutco SureHeat<\/span> offrent une grande dur\u00e9e de vie et un \u00e9l\u00e9ment fiable.<\/p>\n<p>La dur\u00e9e de vie exc\u00e8de les 5000 heures lorsqu&rsquo;on utilise des syst\u00e8mes de contr\u00f4le ad\u00e9quats.<\/p>\n<p>Une gamme compl\u00e8te d&rsquo;accessoires est disponible, incluant\u00a0des r\u00e9gulateurs et des contr\u00f4les de puissance, tuy\u00e8res et buses.<\/p>\n","protected":false},"excerpt":{"rendered":"<p>Description R\u00e9gulation, r\u00e9ponse rapide, haute temp\u00e9rature, r\u00e9chauffeur\u00a0d&rsquo;air avec la souplesse de l&rsquo;\u00e9l\u00e9ment porc-\u00e9pic, prix comp\u00e9titif. Caracteristiques D\u00e9velopp\u00e9 avec l&rsquo;id\u00e9e de satisfaire les fabricants de machines (O.E.M), le r\u00e9chauffeur \u00ab\u00a0Serpentine Hot Air Tool\u00a0\u00bb \u00a0offre une souplesse et une efficacit\u00e9 in\u00e9gal\u00e9es. La\u00a0conception unique (sp\u00e9cifique) du corps \u00e0 triple \u00e9change thermique utilise l&rsquo;air froid entrant pour refroidir l&rsquo;ext\u00e9rieur [&hellip;]<\/p>\n","protected":false},"author":1,"featured_media":0,"parent":9,"menu_order":0,"comment_status":"closed","ping_status":"closed","template":"","meta":[],"_links":{"self":[{"href":"http:\/\/www.fremap.com\/index.php?rest_route=\/wp\/v2\/pages\/28"}],"collection":[{"href":"http:\/\/www.fremap.com\/index.php?rest_route=\/wp\/v2\/pages"}],"about":[{"href":"http:\/\/www.fremap.com\/index.php?rest_route=\/wp\/v2\/types\/page"}],"author":[{"embeddable":true,"href":"http:\/\/www.fremap.com\/index.php?rest_route=\/wp\/v2\/users\/1"}],"replies":[{"embeddable":true,"href":"http:\/\/www.fremap.com\/index.php?rest_route=%2Fwp%2Fv2%2Fcomments&post=28"}],"version-history":[{"count":4,"href":"http:\/\/www.fremap.com\/index.php?rest_route=\/wp\/v2\/pages\/28\/revisions"}],"predecessor-version":[{"id":774,"href":"http:\/\/www.fremap.com\/index.php?rest_route=\/wp\/v2\/pages\/28\/revisions\/774"}],"up":[{"embeddable":true,"href":"http:\/\/www.fremap.com\/index.php?rest_route=\/wp\/v2\/pages\/9"}],"wp:attachment":[{"href":"http:\/\/www.fremap.com\/index.php?rest_route=%2Fwp%2Fv2%2Fmedia&parent=28"}],"curies":[{"name":"wp","href":"https:\/\/api.w.org\/{rel}","templated":true}]}}