{"id":33,"date":"2017-10-11T00:04:54","date_gmt":"2017-10-10T22:04:54","guid":{"rendered":"http:\/\/www.fremap.com\/?page_id=33"},"modified":"2017-10-25T22:21:04","modified_gmt":"2017-10-25T20:21:04","slug":"33-2","status":"publish","type":"page","link":"http:\/\/www.fremap.com\/?page_id=33","title":{"rendered":"Threaded Inline"},"content":{"rendered":"<h3>Description<\/h3>\n<p><img decoding=\"async\" loading=\"lazy\" class=\"alignnone size-full wp-image-340\" src=\"http:\/\/www.fremap.com\/wp-content\/uploads\/2017\/10\/Threaded_Inline.jpg\" alt=\"\" width=\"250\" height=\"188\" \/><\/p>\n<h4>Caract\u00e9ristiques<\/h4>\n<p>Ces r\u00e9chauffeurs compacts utilisent la technique unique de l&rsquo;\u00e9l\u00e9ment porc-\u00e9pic en alliage Fer Cr Al enroul\u00e9 sur un support filet\u00e9 c\u00e9ramique plac\u00e9 \u00e0 l&rsquo;int\u00e9rieur d&rsquo;un tube de quartz ou de c\u00e9ramique. Cet ensemble est install\u00e9 dans un tube inoxydable. Deux types sont disponibles :<br \/>\nLe style A, avec deux travers\u00e9es de courant de\u00a0 haute temp\u00e9rature, plac\u00e9es \u00e0 180\u00b0 \u00e0 l&rsquo;entr\u00e9e d&rsquo;air du r\u00e9chauffeur. Ce type permet \u00e0 l&rsquo;utilisateur d&rsquo;installer deux r\u00e9chauffeurs en s\u00e9rie pour obtenir des plus hautes temp\u00e9ratures de sortie et \u00e9galement permet des temp\u00e9ratures d&rsquo;entr\u00e9e plus \u00e9lev\u00e9es que la temp\u00e9rature ambiante; le style B poss\u00e8de des sorties de 300 mm de long pour l&rsquo;alimentation de puissance plac\u00e9e \u00e0 90\u00b0 par rapport au corps du r\u00e9chauffeur.<br \/>\nEn installant 2 \u00e9l\u00e9ments de style A en s\u00e9rie, les temp\u00e9ratures suivantes peuvent \u00eatre atteintes :<\/p>\n<ul>\n<li>3\/8&Prime; 1040\u00b0C<\/li>\n<li>1\/2&Prime; 980\u00b0C<\/li>\n<li>1 1\/4&Prime; 954\u00b0C<\/li>\n<\/ul>\n<p>La pression maximum pour tous les r\u00e9chauffeurs \u00ab\u00a0Inline\u00a0\u00bb est de de 10 bars;<br \/>\nLe style A doit \u00eatre utilis\u00e9 lorsque l&rsquo;on doit obtenir un syst\u00e8me tout \u00e0 fait \u00e9tanche jusqu&rsquo;\u00e0 150 PSI;<br \/>\nLe style B est con\u00e7u pour des temp\u00e9ratures d&rsquo;entr\u00e9e en dessous de 93\u00b0C.<\/p>\n<p>&nbsp;<\/p>\n<p><span style=\"font-size: large;\">L&rsquo;Inline Haute temp\u00e9rature 900\u00b0C :<\/span><\/p>\n<p><img decoding=\"async\" loading=\"lazy\" class=\"alignnone size-full wp-image-341\" src=\"http:\/\/www.fremap.com\/wp-content\/uploads\/2017\/10\/photo_Inline_900xC.jpg\" alt=\"\" width=\"494\" height=\"361\" srcset=\"http:\/\/www.fremap.com\/wp-content\/uploads\/2017\/10\/photo_Inline_900xC.jpg 494w, http:\/\/www.fremap.com\/wp-content\/uploads\/2017\/10\/photo_Inline_900xC-300x219.jpg 300w\" sizes=\"(max-width: 494px) 100vw, 494px\" \/><\/p>\n<p class=\"ecxmsonormal\">Donn\u00e9es techniques \u00a0 :\u00a0<a href=\"http:\/\/www.fremap.com\/wp-content\/uploads\/2017\/10\/threaded-Inline.pdf\">threaded Inline<\/a><\/p>\n<p class=\"ecxmsonormal\">L&rsquo;Inline Heater haute temp\u00e9rature de\u00a08\u00a0kW \/ 240 V\u00a0est\u00a0capable de r\u00e9chauffer 350Lpm d&rsquo;air ou de gazes neutres\u00a0\u00e0 une temp\u00e9rature de 900\u00b0C\u00a0sous une pression de 7 bars.<\/p>\n","protected":false},"excerpt":{"rendered":"<p>Description Caract\u00e9ristiques Ces r\u00e9chauffeurs compacts utilisent la technique unique de l&rsquo;\u00e9l\u00e9ment porc-\u00e9pic en alliage Fer Cr Al enroul\u00e9 sur un support filet\u00e9 c\u00e9ramique plac\u00e9 \u00e0 l&rsquo;int\u00e9rieur d&rsquo;un tube de quartz ou de c\u00e9ramique. Cet ensemble est install\u00e9 dans un tube inoxydable. Deux types sont disponibles : Le style A, avec deux travers\u00e9es de courant de\u00a0 [&hellip;]<\/p>\n","protected":false},"author":1,"featured_media":0,"parent":9,"menu_order":0,"comment_status":"closed","ping_status":"closed","template":"","meta":[],"_links":{"self":[{"href":"http:\/\/www.fremap.com\/index.php?rest_route=\/wp\/v2\/pages\/33"}],"collection":[{"href":"http:\/\/www.fremap.com\/index.php?rest_route=\/wp\/v2\/pages"}],"about":[{"href":"http:\/\/www.fremap.com\/index.php?rest_route=\/wp\/v2\/types\/page"}],"author":[{"embeddable":true,"href":"http:\/\/www.fremap.com\/index.php?rest_route=\/wp\/v2\/users\/1"}],"replies":[{"embeddable":true,"href":"http:\/\/www.fremap.com\/index.php?rest_route=%2Fwp%2Fv2%2Fcomments&post=33"}],"version-history":[{"count":4,"href":"http:\/\/www.fremap.com\/index.php?rest_route=\/wp\/v2\/pages\/33\/revisions"}],"predecessor-version":[{"id":343,"href":"http:\/\/www.fremap.com\/index.php?rest_route=\/wp\/v2\/pages\/33\/revisions\/343"}],"up":[{"embeddable":true,"href":"http:\/\/www.fremap.com\/index.php?rest_route=\/wp\/v2\/pages\/9"}],"wp:attachment":[{"href":"http:\/\/www.fremap.com\/index.php?rest_route=%2Fwp%2Fv2%2Fmedia&parent=33"}],"curies":[{"name":"wp","href":"https:\/\/api.w.org\/{rel}","templated":true}]}}